{"id":851,"date":"2021-03-07T18:12:28","date_gmt":"2021-03-07T23:12:28","guid":{"rendered":"https:\/\/cetprohuaycan.net\/inicio\/?page_id=851"},"modified":"2021-03-07T18:12:28","modified_gmt":"2021-03-07T23:12:28","slug":"minedu-la-educacion-tecnico-productiva-etp","status":"publish","type":"page","link":"https:\/\/cetprohuaycan.net\/inicio\/minedu-la-educacion-tecnico-productiva-etp\/","title":{"rendered":"MINEDU &#8211; La Educaci\u00f3n T\u00e9cnico Productiva \u2013 ETP"},"content":{"rendered":"<p>La Educaci\u00f3n T\u00e9cnico-Productiva es una forma de educaci\u00f3n orientada a la adquisici\u00f3n y desarrollo de competencias laborales y empresariales en una perspectiva de desarrollo sostenible, competitivo y humano, as\u00ed como a la promoci\u00f3n de la cultura innovadora que responda a la demanda del sector productivo y a los avances de la tecnolog\u00eda, del desarrollo local, regional y nacional, as\u00ed como a las necesidades educativas de los estudiantes en sus respectivos entornos.<\/p>\n","protected":false},"excerpt":{"rendered":"<p>La Educaci&oacute;n T&eacute;cnico-Productiva es una forma de educaci&oacute;n orientada a la adquisici&oacute;n y desarrollo de competencias laborales y empresariales en [&hellip;]<\/p>\n","protected":false},"author":1,"featured_media":0,"parent":0,"menu_order":0,"comment_status":"closed","ping_status":"closed","template":"","meta":{"_joinchat":[],"footnotes":""},"class_list":["post-851","page","type-page","status-publish","hentry"],"aioseo_notices":[],"_links":{"self":[{"href":"https:\/\/cetprohuaycan.net\/inicio\/wp-json\/wp\/v2\/pages\/851","targetHints":{"allow":["GET"]}}],"collection":[{"href":"https:\/\/cetprohuaycan.net\/inicio\/wp-json\/wp\/v2\/pages"}],"about":[{"href":"https:\/\/cetprohuaycan.net\/inicio\/wp-json\/wp\/v2\/types\/page"}],"author":[{"embeddable":true,"href":"https:\/\/cetprohuaycan.net\/inicio\/wp-json\/wp\/v2\/users\/1"}],"replies":[{"embeddable":true,"href":"https:\/\/cetprohuaycan.net\/inicio\/wp-json\/wp\/v2\/comments?post=851"}],"version-history":[{"count":2,"href":"https:\/\/cetprohuaycan.net\/inicio\/wp-json\/wp\/v2\/pages\/851\/revisions"}],"predecessor-version":[{"id":853,"href":"https:\/\/cetprohuaycan.net\/inicio\/wp-json\/wp\/v2\/pages\/851\/revisions\/853"}],"wp:attachment":[{"href":"https:\/\/cetprohuaycan.net\/inicio\/wp-json\/wp\/v2\/media?parent=851"}],"curies":[{"name":"wp","href":"https:\/\/api.w.org\/{rel}","templated":true}]}}